{"id":222,"date":"2025-12-18T01:33:20","date_gmt":"2025-12-18T01:33:20","guid":{"rendered":"https:\/\/www.omaisbelodoslegados.com.br\/pt\/?page_id=222"},"modified":"2025-12-18T08:11:29","modified_gmt":"2025-12-18T08:11:29","slug":"home","status":"publish","type":"page","link":"https:\/\/www.omaisbelodoslegados.com.br\/pt\/","title":{"rendered":"Home"},"content":{"rendered":"\t\t<div data-elementor-type=\"wp-page\" data-elementor-id=\"222\" class=\"elementor elementor-222\" data-elementor-post-type=\"page\">\n\t\t\t\t<div class=\"elementor-element elementor-element-d634232 e-flex e-con-boxed e-con e-parent\" data-id=\"d634232\" data-element_type=\"container\" data-settings=\"{&quot;background_background&quot;:&quot;classic&quot;}\">\n\t\t\t\t\t<div class=\"e-con-inner\">\n\t\t<div class=\"elementor-element elementor-element-49b71cd e-con-full e-flex e-con e-child\" data-id=\"49b71cd\" data-element_type=\"container\">\n\t\t\t\t<div class=\"elementor-element elementor-element-2a8a0ec elementor-widget elementor-widget-image\" data-id=\"2a8a0ec\" data-element_type=\"widget\" data-widget_type=\"image.default\">\n\t\t\t\t\t\t\t\t\t\t\t\t\t\t\t<img fetchpriority=\"high\" decoding=\"async\" width=\"356\" height=\"603\" src=\"https:\/\/www.omaisbelodoslegados.com.br\/pt\/wp-content\/uploads\/2015\/10\/frente-portugues.png\" class=\"attachment-full size-full wp-image-206\" alt=\"\" srcset=\"https:\/\/www.omaisbelodoslegados.com.br\/pt\/wp-content\/uploads\/2015\/10\/frente-portugues.png 356w, https:\/\/www.omaisbelodoslegados.com.br\/pt\/wp-content\/uploads\/2015\/10\/frente-portugues-177x300.png 177w\" sizes=\"(max-width: 356px) 100vw, 356px\" \/>\t\t\t\t\t\t\t\t\t\t\t\t\t\t\t<\/div>\n\t\t\t\t<\/div>\n\t\t<div class=\"elementor-element elementor-element-5a5e478 e-con-full e-flex e-con e-child\" data-id=\"5a5e478\" data-element_type=\"container\">\n\t\t\t\t<div class=\"elementor-element elementor-element-2e2fcea elementor-widget elementor-widget-spacer\" data-id=\"2e2fcea\" data-element_type=\"widget\" data-widget_type=\"spacer.default\">\n\t\t\t\t\t\t\t<div class=\"elementor-spacer\">\n\t\t\t<div class=\"elementor-spacer-inner\"><\/div>\n\t\t<\/div>\n\t\t\t\t\t\t<\/div>\n\t\t\t\t<div class=\"elementor-element elementor-element-09fb906 elementor-widget elementor-widget-heading\" data-id=\"09fb906\" data-element_type=\"widget\" data-widget_type=\"heading.default\">\n\t\t\t\t\t<h2 class=\"elementor-heading-title elementor-size-default\">Home<\/h2>\t\t\t\t<\/div>\n\t\t\t\t<div class=\"elementor-element elementor-element-b9fa7e0 elementor-widget elementor-widget-text-editor\" data-id=\"b9fa7e0\" data-element_type=\"widget\" data-widget_type=\"text-editor.default\">\n\t\t\t\t\t\t\t\t\t<p>Muitos de n\u00f3s, independente do n\u00edvel cultural ou socioecon\u00f4mico, questionamos-nos\u00a0<strong>de onde viemos, qual o objetivo da viv\u00eancia que temos, se existe vida ap\u00f3s a morte, se o planeta Terra ser\u00e1 destru\u00eddo pela inc\u00faria de seus moradores, pela gan\u00e2ncia dos poderosos governantes<\/strong>, mas, sem respostas l\u00f3gicas, nos apegamos, infelizmente, \u00e0 menos ruim.<\/p><p>Hodiernamente, no imp\u00e9rio do desassossego, n\u00e3o somente quanto ao que \u00e9 classificado como comportamento moderno, temas como\u00a0<strong>aborto, desamor dos filhos pelos pais, e vice-versa, eutan\u00e1sia, desigualdade, no sentido amplo da palavra, entre os povos, homossexualismo, o porqu\u00ea de poucos possu\u00edrem muito, e muitos, pouco,<\/strong>\u00a0assumem import\u00e2ncia \u00edmpar no nosso dia a dia, e, para esses e muitos outros assuntos,\u00a0<strong>O MAIS BELO DOS LEGADOS<\/strong>\u00a0nos oferta explana\u00e7\u00f5es cristalinas.<\/p><p>Para crermos ou n\u00e3o no que\u00a0<strong>O MAIS BELO DOS LEGADOS<\/strong>\u00a0nos descortina, obviamente, teremos que analisar seu conte\u00fado. \u00a0\u00c9 o nosso convite.<\/p><p><strong>O MAIS BELO DOS LEGADOS<\/strong>,\u00a0com suas 1.312 p\u00e1ginas, est\u00e1 dividido em dezoito cap\u00edtulos, todos dispon\u00edveis para download GRATUITO na p\u00e1gina DOWNLOAD deste s\u00edtio.<\/p>\t\t\t\t\t\t\t\t<\/div>\n\t\t\t\t<\/div>\n\t\t\t\t\t<\/div>\n\t\t\t\t<\/div>\n\t\t\t\t<\/div>\n\t\t","protected":false},"excerpt":{"rendered":"<p>Muitos de n\u00f3s, independente do n\u00edvel cultural ou socioecon\u00f4mico, questionamos-nos\u00a0de onde viemos, qual o objetivo da viv\u00eancia que temos, se existe vida ap\u00f3s a morte, se o planeta Terra ser\u00e1 destru\u00eddo pela inc\u00faria de seus moradores, pela gan\u00e2ncia dos poderosos governantes, mas, sem respostas l\u00f3gicas, nos apegamos, infelizmente, \u00e0 menos ruim. Hodiernamente, no imp\u00e9rio do [&hellip;]<\/p>\n","protected":false},"author":2,"featured_media":0,"parent":0,"menu_order":1,"comment_status":"closed","ping_status":"closed","template":"elementor_header_footer","meta":{"footnotes":""},"class_list":["post-222","page","type-page","status-publish","hentry"],"yoast_head":"<!-- This site is optimized with the Yoast SEO plugin v26.6 - https:\/\/yoast.com\/wordpress\/plugins\/seo\/ -->\n<title>O Mais Belo dos Legados<\/title>\n<meta name=\"description\" content=\"Para crermos ou n\u00e3o no que O MAIS BELO DOS LEGADOS nos descortina, obviamente, teremos que analisar seu conte\u00fado. \u00c9 o nosso convite.\" \/>\n<meta name=\"robots\" content=\"index, follow, max-snippet:-1, max-image-preview:large, max-video-preview:-1\" \/>\n<link rel=\"canonical\" href=\"https:\/\/www.omaisbelodoslegados.com.br\/pt\/\" \/>\n<meta property=\"og:locale\" content=\"pt_BR\" \/>\n<meta property=\"og:type\" content=\"article\" \/>\n<meta property=\"og:title\" content=\"O Mais Belo dos Legados\" \/>\n<meta property=\"og:description\" content=\"Para crermos ou n\u00e3o no que O MAIS BELO DOS LEGADOS nos descortina, obviamente, teremos que analisar seu conte\u00fado. \u00c9 o nosso convite.\" \/>\n<meta property=\"og:url\" content=\"https:\/\/www.omaisbelodoslegados.com.br\/pt\/\" \/>\n<meta property=\"og:site_name\" content=\"O Mais Belo dos Legados\" \/>\n<meta property=\"article:modified_time\" content=\"2025-12-18T08:11:29+00:00\" \/>\n<meta property=\"og:image\" content=\"https:\/\/www.omaisbelodoslegados.com.br\/pt\/wp-content\/uploads\/2015\/10\/frente-portugues.png\" \/>\n<meta name=\"twitter:card\" content=\"summary_large_image\" \/>\n<meta name=\"twitter:label1\" content=\"Est. tempo de leitura\" \/>\n\t<meta name=\"twitter:data1\" content=\"2 minutos\" \/>\n<script type=\"application\/ld+json\" class=\"yoast-schema-graph\">{\"@context\":\"https:\/\/schema.org\",\"@graph\":[{\"@type\":\"WebPage\",\"@id\":\"https:\/\/www.omaisbelodoslegados.com.br\/pt\/\",\"url\":\"https:\/\/www.omaisbelodoslegados.com.br\/pt\/\",\"name\":\"O Mais Belo dos Legados\",\"isPartOf\":{\"@id\":\"https:\/\/www.omaisbelodoslegados.com.br\/pt\/#website\"},\"primaryImageOfPage\":{\"@id\":\"https:\/\/www.omaisbelodoslegados.com.br\/pt\/#primaryimage\"},\"image\":{\"@id\":\"https:\/\/www.omaisbelodoslegados.com.br\/pt\/#primaryimage\"},\"thumbnailUrl\":\"https:\/\/www.omaisbelodoslegados.com.br\/pt\/wp-content\/uploads\/2015\/10\/frente-portugues.png\",\"datePublished\":\"2025-12-18T01:33:20+00:00\",\"dateModified\":\"2025-12-18T08:11:29+00:00\",\"description\":\"Para crermos ou n\u00e3o no que O MAIS BELO DOS LEGADOS nos descortina, obviamente, teremos que analisar seu conte\u00fado. \u00c9 o nosso convite.\",\"breadcrumb\":{\"@id\":\"https:\/\/www.omaisbelodoslegados.com.br\/pt\/#breadcrumb\"},\"inLanguage\":\"pt-BR\",\"potentialAction\":[{\"@type\":\"ReadAction\",\"target\":[\"https:\/\/www.omaisbelodoslegados.com.br\/pt\/\"]}]},{\"@type\":\"ImageObject\",\"inLanguage\":\"pt-BR\",\"@id\":\"https:\/\/www.omaisbelodoslegados.com.br\/pt\/#primaryimage\",\"url\":\"https:\/\/www.omaisbelodoslegados.com.br\/pt\/wp-content\/uploads\/2015\/10\/frente-portugues.png\",\"contentUrl\":\"https:\/\/www.omaisbelodoslegados.com.br\/pt\/wp-content\/uploads\/2015\/10\/frente-portugues.png\",\"width\":356,\"height\":603},{\"@type\":\"BreadcrumbList\",\"@id\":\"https:\/\/www.omaisbelodoslegados.com.br\/pt\/#breadcrumb\",\"itemListElement\":[{\"@type\":\"ListItem\",\"position\":1,\"name\":\"In\u00edcio\",\"item\":\"https:\/\/www.omaisbelodoslegados.com.br\/pt\/\"},{\"@type\":\"ListItem\",\"position\":2,\"name\":\"Home\"}]},{\"@type\":\"WebSite\",\"@id\":\"https:\/\/www.omaisbelodoslegados.com.br\/pt\/#website\",\"url\":\"https:\/\/www.omaisbelodoslegados.com.br\/pt\/\",\"name\":\"O Mais Belo dos Legados\",\"description\":\"Para crermos ou n\u00e3o no que O MAIS BELO DOS LEGADOS nos descortina, obviamente, teremos que analisar seu conte\u00fado.  \u00c9 o nosso convite.\",\"potentialAction\":[{\"@type\":\"SearchAction\",\"target\":{\"@type\":\"EntryPoint\",\"urlTemplate\":\"https:\/\/www.omaisbelodoslegados.com.br\/pt\/?s={search_term_string}\"},\"query-input\":{\"@type\":\"PropertyValueSpecification\",\"valueRequired\":true,\"valueName\":\"search_term_string\"}}],\"inLanguage\":\"pt-BR\"}]}<\/script>\n<!-- \/ Yoast SEO plugin. -->","yoast_head_json":{"title":"O Mais Belo dos Legados","description":"Para crermos ou n\u00e3o no que O MAIS BELO DOS LEGADOS nos descortina, obviamente, teremos que analisar seu conte\u00fado. \u00c9 o nosso convite.","robots":{"index":"index","follow":"follow","max-snippet":"max-snippet:-1","max-image-preview":"max-image-preview:large","max-video-preview":"max-video-preview:-1"},"canonical":"https:\/\/www.omaisbelodoslegados.com.br\/pt\/","og_locale":"pt_BR","og_type":"article","og_title":"O Mais Belo dos Legados","og_description":"Para crermos ou n\u00e3o no que O MAIS BELO DOS LEGADOS nos descortina, obviamente, teremos que analisar seu conte\u00fado. \u00c9 o nosso convite.","og_url":"https:\/\/www.omaisbelodoslegados.com.br\/pt\/","og_site_name":"O Mais Belo dos Legados","article_modified_time":"2025-12-18T08:11:29+00:00","og_image":[{"url":"https:\/\/www.omaisbelodoslegados.com.br\/pt\/wp-content\/uploads\/2015\/10\/frente-portugues.png","type":"","width":"","height":""}],"twitter_card":"summary_large_image","twitter_misc":{"Est. tempo de leitura":"2 minutos"},"schema":{"@context":"https:\/\/schema.org","@graph":[{"@type":"WebPage","@id":"https:\/\/www.omaisbelodoslegados.com.br\/pt\/","url":"https:\/\/www.omaisbelodoslegados.com.br\/pt\/","name":"O Mais Belo dos Legados","isPartOf":{"@id":"https:\/\/www.omaisbelodoslegados.com.br\/pt\/#website"},"primaryImageOfPage":{"@id":"https:\/\/www.omaisbelodoslegados.com.br\/pt\/#primaryimage"},"image":{"@id":"https:\/\/www.omaisbelodoslegados.com.br\/pt\/#primaryimage"},"thumbnailUrl":"https:\/\/www.omaisbelodoslegados.com.br\/pt\/wp-content\/uploads\/2015\/10\/frente-portugues.png","datePublished":"2025-12-18T01:33:20+00:00","dateModified":"2025-12-18T08:11:29+00:00","description":"Para crermos ou n\u00e3o no que O MAIS BELO DOS LEGADOS nos descortina, obviamente, teremos que analisar seu conte\u00fado. \u00c9 o nosso convite.","breadcrumb":{"@id":"https:\/\/www.omaisbelodoslegados.com.br\/pt\/#breadcrumb"},"inLanguage":"pt-BR","potentialAction":[{"@type":"ReadAction","target":["https:\/\/www.omaisbelodoslegados.com.br\/pt\/"]}]},{"@type":"ImageObject","inLanguage":"pt-BR","@id":"https:\/\/www.omaisbelodoslegados.com.br\/pt\/#primaryimage","url":"https:\/\/www.omaisbelodoslegados.com.br\/pt\/wp-content\/uploads\/2015\/10\/frente-portugues.png","contentUrl":"https:\/\/www.omaisbelodoslegados.com.br\/pt\/wp-content\/uploads\/2015\/10\/frente-portugues.png","width":356,"height":603},{"@type":"BreadcrumbList","@id":"https:\/\/www.omaisbelodoslegados.com.br\/pt\/#breadcrumb","itemListElement":[{"@type":"ListItem","position":1,"name":"In\u00edcio","item":"https:\/\/www.omaisbelodoslegados.com.br\/pt\/"},{"@type":"ListItem","position":2,"name":"Home"}]},{"@type":"WebSite","@id":"https:\/\/www.omaisbelodoslegados.com.br\/pt\/#website","url":"https:\/\/www.omaisbelodoslegados.com.br\/pt\/","name":"O Mais Belo dos Legados","description":"Para crermos ou n\u00e3o no que O MAIS BELO DOS LEGADOS nos descortina, obviamente, teremos que analisar seu conte\u00fado.  \u00c9 o nosso convite.","potentialAction":[{"@type":"SearchAction","target":{"@type":"EntryPoint","urlTemplate":"https:\/\/www.omaisbelodoslegados.com.br\/pt\/?s={search_term_string}"},"query-input":{"@type":"PropertyValueSpecification","valueRequired":true,"valueName":"search_term_string"}}],"inLanguage":"pt-BR"}]}},"_links":{"self":[{"href":"https:\/\/www.omaisbelodoslegados.com.br\/pt\/wp-json\/wp\/v2\/pages\/222","targetHints":{"allow":["GET"]}}],"collection":[{"href":"https:\/\/www.omaisbelodoslegados.com.br\/pt\/wp-json\/wp\/v2\/pages"}],"about":[{"href":"https:\/\/www.omaisbelodoslegados.com.br\/pt\/wp-json\/wp\/v2\/types\/page"}],"author":[{"embeddable":true,"href":"https:\/\/www.omaisbelodoslegados.com.br\/pt\/wp-json\/wp\/v2\/users\/2"}],"replies":[{"embeddable":true,"href":"https:\/\/www.omaisbelodoslegados.com.br\/pt\/wp-json\/wp\/v2\/comments?post=222"}],"version-history":[{"count":83,"href":"https:\/\/www.omaisbelodoslegados.com.br\/pt\/wp-json\/wp\/v2\/pages\/222\/revisions"}],"predecessor-version":[{"id":512,"href":"https:\/\/www.omaisbelodoslegados.com.br\/pt\/wp-json\/wp\/v2\/pages\/222\/revisions\/512"}],"wp:attachment":[{"href":"https:\/\/www.omaisbelodoslegados.com.br\/pt\/wp-json\/wp\/v2\/media?parent=222"}],"curies":[{"name":"wp","href":"https:\/\/api.w.org\/{rel}","templated":true}]}}